{"id":2,"date":"2024-11-22T22:03:31","date_gmt":"2024-11-22T21:03:31","guid":{"rendered":"http:\/\/gracias.babytarta.es\/?page_id=2"},"modified":"2024-12-05T18:01:52","modified_gmt":"2024-12-05T17:01:52","slug":"pagina-ejemplo","status":"publish","type":"page","link":"https:\/\/gracias.babytarta.es\/","title":{"rendered":"\u00a1Gracias!"},"content":{"rendered":"<div class=\"wp-block-image\">\n<figure class=\"aligncenter\"><img fetchpriority=\"high\" decoding=\"async\" width=\"600\" height=\"600\" src=\"https:\/\/gracias.babytarta.es\/wp-content\/uploads\/2024\/11\/Logo-BT-circulo-trans.png\" alt=\"\" class=\"wp-image-12\" srcset=\"https:\/\/gracias.babytarta.es\/wp-content\/uploads\/2024\/11\/Logo-BT-circulo-trans.png 600w, https:\/\/gracias.babytarta.es\/wp-content\/uploads\/2024\/11\/Logo-BT-circulo-trans-300x300.png 300w, https:\/\/gracias.babytarta.es\/wp-content\/uploads\/2024\/11\/Logo-BT-circulo-trans-150x150.png 150w\" sizes=\"(max-width: 600px) 100vw, 600px\" \/><\/figure>\n<\/div>\n\n\n<p><strong>BABY TARTA<\/strong> abri\u00f3 su tienda f\u00edsica hace casi 10 a\u00f1os&#8230;<\/p>\n\n\n\n<p>Ya llevaba 5 a\u00f1os con la tienda online.<\/p>\n\n\n\n<p>Un total de 15 a\u00f1os de la creaci\u00f3n de Baby Tarta. <strong>Un proyecto que naci\u00f3 con mucha ilusi\u00f3n<\/strong>. El paso de abrir la tienda f\u00edsica fue un cambio muy grande.<\/p>\n\n\n\n<p>Han sido <strong>muchos a\u00f1os de acompa\u00f1ar<\/strong> a much\u00edsimas familias. <strong>Ayudando en lactancias<\/strong>, <strong>asesorando <\/strong>adecuadamente sobre el <strong>porteo<\/strong>, ir a centros de salud a explicar todo sobre el porteo. Creando consciencia de higiene femenina, con los productos m\u00e1s adecuados para las mujeres y adolescentes. Y teniendo siempre los productos m\u00e1s adecuados.<\/p>\n\n\n\n<p>Durante todos \u00e9stos a\u00f1os se crearon muchas sinergias con muchos profesionales, haciendo talleres, charlas, y diferentes eventos. Me gustar\u00eda nombrar a todos los colaboradores, pero ser\u00eda un listado enorme, y seguro que me dejar\u00eda a gente.<\/p>\n\n\n\n<p><strong>Baby Tarta cerrar\u00e1 sus puertas<\/strong>. <strong>Se acaba un etapa, y empezar\u00e9 otra<\/strong>, en la que espero poder seguir estando vinculada al porteo y lactancia. Si est\u00e1is pendientes de las redes, os ir\u00e9 contando.<\/p>\n\n\n\n<p>A quienes me hab\u00e9is preguntado: \u00a1Si!, de <strong>momento seguir\u00e9 con las redes sociales<\/strong>, donde me podr\u00e9is seguir contactando. La tienda online acabar\u00e1 desapareciendo, pero yo seguir\u00e9. Y quien necesite asesor\u00edas sobre porteo y lactancia, podr\u00e1 contactarme.<\/p>\n\n\n\n<p>\u2764\ufe0f <strong>Me encantar\u00eda que me escrib\u00e1is unas palabras<\/strong>, vuestros deseos,&#8230; para llevarme siempre vuestro cari\u00f1o. Sobre vuestros recuerdos y experiencias en Baby Tarta, y conmigo misma, como asesora, como vendedora, como amiga, como Teresa.<\/p>\n\n\n\n<p><strong>\u00a1Gracias!<\/strong><\/p>\n","protected":false},"excerpt":{"rendered":"<p>BABY TARTA abri\u00f3 su tienda f\u00edsica hace casi 10 a\u00f1os&#8230; Ya llevaba 5 a\u00f1os con la tienda online. Un total de 15 a\u00f1os de la creaci\u00f3n de Baby Tarta. Un proyecto que naci\u00f3 con mucha ilusi\u00f3n. El paso de abrir la tienda f\u00edsica fue un cambio muy grande. Han sido muchos a\u00f1os de acompa\u00f1ar a [&hellip;]<\/p>\n","protected":false},"author":1,"featured_media":0,"parent":0,"menu_order":0,"comment_status":"open","ping_status":"open","template":"","meta":{"footnotes":""},"class_list":["post-2","page","type-page","status-publish","hentry"],"_links":{"self":[{"href":"https:\/\/gracias.babytarta.es\/index.php\/wp-json\/wp\/v2\/pages\/2","targetHints":{"allow":["GET"]}}],"collection":[{"href":"https:\/\/gracias.babytarta.es\/index.php\/wp-json\/wp\/v2\/pages"}],"about":[{"href":"https:\/\/gracias.babytarta.es\/index.php\/wp-json\/wp\/v2\/types\/page"}],"author":[{"embeddable":true,"href":"https:\/\/gracias.babytarta.es\/index.php\/wp-json\/wp\/v2\/users\/1"}],"replies":[{"embeddable":true,"href":"https:\/\/gracias.babytarta.es\/index.php\/wp-json\/wp\/v2\/comments?post=2"}],"version-history":[{"count":5,"href":"https:\/\/gracias.babytarta.es\/index.php\/wp-json\/wp\/v2\/pages\/2\/revisions"}],"predecessor-version":[{"id":20,"href":"https:\/\/gracias.babytarta.es\/index.php\/wp-json\/wp\/v2\/pages\/2\/revisions\/20"}],"wp:attachment":[{"href":"https:\/\/gracias.babytarta.es\/index.php\/wp-json\/wp\/v2\/media?parent=2"}],"curies":[{"name":"wp","href":"https:\/\/api.w.org\/{rel}","templated":true}]}}